{"id":2650,"date":"2024-03-17T01:07:53","date_gmt":"2024-03-16T22:07:53","guid":{"rendered":"https:\/\/teeltippu.ee\/?page_id=2650"},"modified":"2024-03-18T16:17:52","modified_gmt":"2024-03-18T13:17:52","slug":"careers","status":"publish","type":"page","link":"https:\/\/teeltippu.ee\/et\/careers\/","title":{"rendered":"T\u00f6\u00f6pakkumised"},"content":{"rendered":"\n<p>Tule meie meeskonda.<\/p>\n\n\n\n<p>Teel Tippu ei ole lihtsalt keeltekool. Meil on kokkuhoidev meeskond, kus k\u00f5ik armastavad eesti keelt, me m\u00f5tleme \u00fches taktis. Meid inspireerivad uued l\u00e4henemised, uued v\u00f5imalused ja maailma parimad kliendid.<br>Me soovime olla eesti keele \u00f5ppes teerajajad \u2014 teha asju nii, nagu keegi teine pole varem teinud. Me julgeme eksida ning oma eksimustest \u00f5ppida ja areneda. Meid iseloomustab s\u00f5bralikkus, keskendumine tulemustele, \u00fcksteise aitamine, kliendikeskne l\u00e4henemine ja paindlikkus. Meid seob \u00fchine eesm\u00e4rk, usaldus ja tiimitunne. Iga t\u00f6\u00f6taja saab tunda oma otsuste m\u00f5ju ja n\u00e4ha \u00f5pilaste arengut ja edulugu.<\/p>\n\n\n\n<p>Kandideeri juba t\u00e4na. Saada meile enda CV ja l\u00fchikirjeldus endast.<\/p>\n\n\n\n<!--more-->\n\n\n\n<p><\/p>\n","protected":false},"excerpt":{"rendered":"<p>Tule meie meeskonda. Teel Tippu ei ole lihtsalt keeltekool. Meil on kokkuhoidev meeskond, kus k\u00f5ik armastavad eesti keelt, me m\u00f5tleme \u00fches taktis. Meid inspireerivad uued l\u00e4henemised, uued v\u00f5imalused ja maailma parimad kliendid.Me soovime olla eesti keele \u00f5ppes teerajajad \u2014 teha asju nii, nagu keegi teine pole varem teinud. Me julgeme eksida ning oma eksimustest \u00f5ppida [&hellip;]<\/p>\n","protected":false},"author":1,"featured_media":466,"parent":0,"menu_order":0,"comment_status":"closed","ping_status":"closed","template":"careers.php","meta":{"_acf_changed":false,"_seopress_robots_primary_cat":"","_seopress_titles_title":"","_seopress_titles_desc":"","_seopress_robots_index":"","_locale":"et","_original_post":"https:\/\/teeltippu.ee\/?page_id=2650","_vp_format_video_url":"","_vp_image_focal_point":[],"footnotes":""},"class_list":["post-2650","page","type-page","status-publish","has-post-thumbnail","hentry","et"],"acf":[],"_links":{"self":[{"href":"https:\/\/teeltippu.ee\/wp-json\/wp\/v2\/pages\/2650","targetHints":{"allow":["GET"]}}],"collection":[{"href":"https:\/\/teeltippu.ee\/wp-json\/wp\/v2\/pages"}],"about":[{"href":"https:\/\/teeltippu.ee\/wp-json\/wp\/v2\/types\/page"}],"author":[{"embeddable":true,"href":"https:\/\/teeltippu.ee\/wp-json\/wp\/v2\/users\/1"}],"replies":[{"embeddable":true,"href":"https:\/\/teeltippu.ee\/wp-json\/wp\/v2\/comments?post=2650"}],"version-history":[{"count":5,"href":"https:\/\/teeltippu.ee\/wp-json\/wp\/v2\/pages\/2650\/revisions"}],"predecessor-version":[{"id":2817,"href":"https:\/\/teeltippu.ee\/wp-json\/wp\/v2\/pages\/2650\/revisions\/2817"}],"wp:featuredmedia":[{"embeddable":true,"href":"https:\/\/teeltippu.ee\/wp-json\/wp\/v2\/media\/466"}],"wp:attachment":[{"href":"https:\/\/teeltippu.ee\/wp-json\/wp\/v2\/media?parent=2650"}],"curies":[{"name":"wp","href":"https:\/\/api.w.org\/{rel}","templated":true}]}}